{"id":107,"date":"2013-07-20T11:59:33","date_gmt":"2013-07-20T09:59:33","guid":{"rendered":"http:\/\/www.freshfuture.tv\/?page_id=107"},"modified":"2013-07-20T12:20:06","modified_gmt":"2013-07-20T10:20:06","slug":"schweizer-electronic-ag-ausb-2014","status":"publish","type":"page","link":"https:\/\/www.freshfuture.tv\/?page_id=107","title":{"rendered":"Schweizer Electronic AG Ausb 2014"},"content":{"rendered":"<h1 style=\"text-align: center;\"><span style=\"color: #ffffff;\">b<\/span><\/h1>\n<p style=\"text-align: center;\"><strong style=\"font-size: 2em;\">Ausbildungspl\u00e4tze der Schweizer Electronic AG f\u00fcr das Jahr 2014<\/strong><\/p>\n<h2 style=\"text-align: center;\"><span style=\"color: #ffffff;\">b<\/span><\/h2>\n<h3 style=\"text-align: center;\">Oberfl\u00e4chenbeschichter\/-in<\/h3>\n<p style=\"text-align: center;\"><span style=\"font-size: 1.17em; color: #ffffff;\">b<\/span><\/p>\n<h3 style=\"text-align: center;\">Mechatroniker\/-in<\/h3>\n<p style=\"text-align: center;\"><span style=\"font-size: 1.17em; color: #ffffff;\">b<\/span><\/p>\n<h3 style=\"text-align: center;\">Industriemechaniker\/-in<\/h3>\n<p style=\"text-align: center;\"><span style=\"font-size: 1.17em; color: #ffffff;\">b<\/span><\/p>\n<h3 style=\"text-align: center;\">Maschinen- und Anlagenf\u00fchrer\/-in<\/h3>\n<p style=\"text-align: center;\"><span style=\"font-size: 1.17em; color: #ffffff;\">b<\/span><\/p>\n<h3 style=\"text-align: center;\">Industriekaufmann\/-frau<\/h3>\n<h2 style=\"text-align: center;\"><span style=\"color: #ffffff;\">b<\/span><\/h2>\n<h3 style=\"text-align: center;\">Euer Ansprechpartner<\/h3>\n<p style=\"text-align: center;\"><span style=\"color: #ffffff;\"><b>b<\/b><\/span><\/p>\n<h4 style=\"text-align: center;\">Dorine Burghard<\/h4>\n<p style=\"text-align: center;\">Ausbildungsleitung<\/p>\n<p style=\"text-align: center;\">Telefon: 07422 \/ 512-325<\/p>\n<p style=\"text-align: center;\">E-Mail: <a href=\"mailto:ausbildung@schweitzer.ag\">ausbildung@schweizer.ag<\/a><\/p>\n<p style=\"text-align: center;\"><a href=\"http:\/\/www.schweizer.ag\/karriere\" target=\"_blank\">www.schweizer.ag\/karriere<\/a><\/p>\n<p style=\"text-align: center;\"><span style=\"color: #ffffff;\">b<\/span><\/p>\n<p style=\"text-align: center;\">Schweizer Electronic AG<\/p>\n<p style=\"text-align: center;\">Berufsausbildung<\/p>\n<p style=\"text-align: center;\">Einsteinstra\u00dfe 10<\/p>\n<p style=\"text-align: center;\">78713 Schramberg<\/p>\n<p style=\"text-align: center;\">\n","protected":false},"excerpt":{"rendered":"<p>b Ausbildungspl\u00e4tze der Schweizer Electronic AG f\u00fcr das Jahr 2014 b Oberfl\u00e4chenbeschichter\/-in b Mechatroniker\/-in b Industriemechaniker\/-in b Maschinen- und Anlagenf\u00fchrer\/-in b Industriekaufmann\/-frau b Euer Ansprechpartner b Dorine Burghard Ausbildungsleitung Telefon: 07422 \/ 512-325 E-Mail: ausbildung@schweizer.ag www.schweizer.ag\/karriere b Schweizer Electronic AG Berufsausbildung Einsteinstra\u00dfe 10 78713 Schramberg<\/p>\n","protected":false},"author":1,"featured_media":0,"parent":0,"menu_order":0,"comment_status":"open","ping_status":"open","template":"","meta":[],"_links":{"self":[{"href":"https:\/\/www.freshfuture.tv\/index.php?rest_route=\/wp\/v2\/pages\/107"}],"collection":[{"href":"https:\/\/www.freshfuture.tv\/index.php?rest_route=\/wp\/v2\/pages"}],"about":[{"href":"https:\/\/www.freshfuture.tv\/index.php?rest_route=\/wp\/v2\/types\/page"}],"author":[{"embeddable":true,"href":"https:\/\/www.freshfuture.tv\/index.php?rest_route=\/wp\/v2\/users\/1"}],"replies":[{"embeddable":true,"href":"https:\/\/www.freshfuture.tv\/index.php?rest_route=%2Fwp%2Fv2%2Fcomments&post=107"}],"version-history":[{"count":8,"href":"https:\/\/www.freshfuture.tv\/index.php?rest_route=\/wp\/v2\/pages\/107\/revisions"}],"predecessor-version":[{"id":114,"href":"https:\/\/www.freshfuture.tv\/index.php?rest_route=\/wp\/v2\/pages\/107\/revisions\/114"}],"wp:attachment":[{"href":"https:\/\/www.freshfuture.tv\/index.php?rest_route=%2Fwp%2Fv2%2Fmedia&parent=107"}],"curies":[{"name":"wp","href":"https:\/\/api.w.org\/{rel}","templated":true}]}}