{"id":208,"date":"2013-07-20T17:04:41","date_gmt":"2013-07-20T15:04:41","guid":{"rendered":"http:\/\/www.freshfuture.tv\/?page_id=208"},"modified":"2013-07-20T18:00:38","modified_gmt":"2013-07-20T16:00:38","slug":"helios-kliniken-ausb-2014","status":"publish","type":"page","link":"https:\/\/www.freshfuture.tv\/?page_id=208","title":{"rendered":"HELIOS Kliniken Ausb 2014"},"content":{"rendered":"<p style=\"text-align: center;\"><a href=\"https:\/\/www.freshfuture.tv\/wp-content\/uploads\/2013\/07\/helioskliniken.jpg\" class=\"grouped_elements\" rel=\"tc-fancybox-group208\" title=\"HELIOS Kliniken Ausb 2014\"><img loading=\"lazy\" class=\"alignnone size-full wp-image-203\" alt=\"helioskliniken\" src=\"https:\/\/www.freshfuture.tv\/wp-content\/uploads\/2013\/07\/helioskliniken.jpg\" width=\"244\" height=\"123\" \/><\/a><\/p>\n<h3 style=\"text-align: center;\"><span style=\"color: #ffffff;\">b<\/span><\/h3>\n<h1 style=\"text-align: center;\"><strong>Ausbildungspl\u00e4tze der HELIOS-Kliniken Region S\u00fcd f\u00fcr das Jahr 2014<\/strong><\/h1>\n<h2 style=\"text-align: center;\"><span style=\"color: #ffffff;\">b<\/span><\/h2>\n<h2 style=\"text-align: center;\">Gesundheits- und Krankenpfleger\/-in<\/h2>\n<p style=\"text-align: center;\"><span style=\"color: #ffffff;\">b<\/span><\/p>\n<h3 style=\"text-align: center;\">Gesundheits- und Krankenpflegeschule Rottweil: 8 freie Pl\u00e4tze<\/h3>\n<p style=\"text-align: center;\">Krankenhausstra\u00dfe 30<br \/>\n78628 Rottweil<br \/>\nTel: +49741 \/ 476 2400<\/p>\n<p style=\"text-align: center;\">E-Mail:\u00a0<a href=\"mailto:juergen.rothenberger@helios-kliniken.de\">juergen.rothenberger@helios-kliniken.de<\/a><\/p>\n<p style=\"text-align: center;\"><span style=\"color: #ffffff;\">b<\/span><\/p>\n<h3 style=\"text-align: center;\">Gesundheits- und Krankenpflegeschule Titisee-Neustadt: 13 freie Pl\u00e4tze<\/h3>\n<p style=\"text-align: center;\">Jostalstr. 12<br \/>\n79822 Titisee-Neustadt<br \/>\nTelefon\u00a0\u00a0+49 7651\u00a0 29 521<br \/>\nFax\u00a0\u00a0\u00a0\u00a0\u00a0\u00a0\u00a0 +49 7651 29 299<\/p>\n<p style=\"text-align: center;\">E-Mail:\u00a0<a href=\"mailto:peter.mueller2@helios-kliniken.de\">peter.mueller2@helios-kliniken.de<\/a><\/p>\n<p style=\"text-align: center;\"><span style=\"color: #ffffff;\">b<\/span><\/p>\n<h3 style=\"text-align: center;\">Gesundheits- und Krankenpflegeschule \u00dcberlingen: 8 freie Pl\u00e4tze<\/h3>\n<p style=\"text-align: center;\">H\u00e4rlenweg 1<br \/>\n88662 \u00dcberlingen<br \/>\nTelefon: +49 7551 9477-2191<br \/>\nTelefax: +49 07551 9477-442190<\/p>\n<p style=\"text-align: center;\">E-Mail: <a href=\"mailto:tilman.kommerell@helios-kliniken.de\">tilman.kommerell@helios-kliniken.de<\/a><\/p>\n<h3 style=\"text-align: center;\"><span style=\"color: #ffffff;\">b<\/span><\/h3>\n<h3 style=\"text-align: center;\"><span style=\"font-size: 1.17em;\">\u00a0<\/span><\/h3>\n<p style=\"text-align: center;\"><b>\u00a0<\/b><\/p>\n","protected":false},"excerpt":{"rendered":"<p>b Ausbildungspl\u00e4tze der HELIOS-Kliniken Region S\u00fcd f\u00fcr das Jahr 2014 b Gesundheits- und Krankenpfleger\/-in b Gesundheits- und Krankenpflegeschule Rottweil: 8 freie Pl\u00e4tze Krankenhausstra\u00dfe 30 78628 Rottweil Tel: +49741 \/ 476 2400 E-Mail:\u00a0juergen.rothenberger@helios-kliniken.de b Gesundheits- und Krankenpflegeschule Titisee-Neustadt: 13 freie Pl\u00e4tze Jostalstr. 12 79822 Titisee-Neustadt Telefon\u00a0\u00a0+49 7651\u00a0 29 521 Fax\u00a0\u00a0\u00a0\u00a0\u00a0\u00a0\u00a0 +49 7651 29 299 E-Mail:\u00a0peter.mueller2@helios-kliniken.de b [&hellip;]<\/p>\n","protected":false},"author":1,"featured_media":0,"parent":0,"menu_order":0,"comment_status":"open","ping_status":"open","template":"","meta":[],"_links":{"self":[{"href":"https:\/\/www.freshfuture.tv\/index.php?rest_route=\/wp\/v2\/pages\/208"}],"collection":[{"href":"https:\/\/www.freshfuture.tv\/index.php?rest_route=\/wp\/v2\/pages"}],"about":[{"href":"https:\/\/www.freshfuture.tv\/index.php?rest_route=\/wp\/v2\/types\/page"}],"author":[{"embeddable":true,"href":"https:\/\/www.freshfuture.tv\/index.php?rest_route=\/wp\/v2\/users\/1"}],"replies":[{"embeddable":true,"href":"https:\/\/www.freshfuture.tv\/index.php?rest_route=%2Fwp%2Fv2%2Fcomments&post=208"}],"version-history":[{"count":3,"href":"https:\/\/www.freshfuture.tv\/index.php?rest_route=\/wp\/v2\/pages\/208\/revisions"}],"predecessor-version":[{"id":211,"href":"https:\/\/www.freshfuture.tv\/index.php?rest_route=\/wp\/v2\/pages\/208\/revisions\/211"}],"wp:attachment":[{"href":"https:\/\/www.freshfuture.tv\/index.php?rest_route=%2Fwp%2Fv2%2Fmedia&parent=208"}],"curies":[{"name":"wp","href":"https:\/\/api.w.org\/{rel}","templated":true}]}}