{"id":216,"date":"2013-07-20T17:17:59","date_gmt":"2013-07-20T15:17:59","guid":{"rendered":"http:\/\/www.freshfuture.tv\/?page_id=216"},"modified":"2015-06-10T11:49:59","modified_gmt":"2015-06-10T09:49:59","slug":"partner-links","status":"publish","type":"page","link":"https:\/\/www.freshfuture.tv\/","title":{"rendered":"Partner Links"},"content":{"rendered":"<p style=\"text-align: center;\"><a href=\"https:\/\/www.freshfuture.tv\/wp-content\/uploads\/2013\/07\/bestof_industriepreis_2015_170px.png\" class=\"grouped_elements\" rel=\"tc-fancybox-group216\" title=\"Partner Links\"><img loading=\"lazy\" class=\"alignnone size-full wp-image-721\" alt=\"bestof_industriepreis_2015_170px\" src=\"https:\/\/www.freshfuture.tv\/wp-content\/uploads\/2013\/07\/bestof_industriepreis_2015_170px.png\" width=\"104\" height=\"120\" \/><\/a><\/p>\n<p style=\"text-align: center;\">Die Huber Verlag f\u00fcr Neue Medien GmbH pr\u00e4miert mit dem INDUSTRIEPREIS Unternehmen mit hohem wirtschaftlichem, gesellschaftlichem, technologischem und \u00f6kologischem Nutzen. Die Experten-Jury zeichnet mit dem Pr\u00e4dikat BEST OF 2015 aus: Die WESPO Bild- und Tontr\u00e4gervertrieb GmbH mit dem Produkt FRESHfuture.tv.<br \/>\n<a title=\"Urkunde ansehen (PDF)\" href=\"https:\/\/www.freshfuture.tv\/wp-content\/uploads\/2013\/07\/industriepreis-best-of-2015.pdf\" target=\"_blank\">Urkunde ansehen (PDF)<\/a><\/p>\n<p style=\"text-align: center;\"><a href=\"https:\/\/www.freshfuture.tv\/wp-content\/uploads\/2013\/07\/mitblog.png\" class=\"grouped_elements\" rel=\"tc-fancybox-group216\" title=\"Partner Links\"><img loading=\"lazy\" class=\"alignnone size-medium wp-image-726\" alt=\"mitblog\" src=\"https:\/\/www.freshfuture.tv\/wp-content\/uploads\/2013\/07\/mitblog-300x107.png\" width=\"300\" height=\"107\" srcset=\"https:\/\/www.freshfuture.tv\/wp-content\/uploads\/2013\/07\/mitblog-300x107.png 300w, https:\/\/www.freshfuture.tv\/wp-content\/uploads\/2013\/07\/mitblog.png 628w\" sizes=\"(max-width: 300px) 100vw, 300px\" \/><\/a><\/p>\n<h4 style=\"text-align: center;\">FRESHfuture.tv f\u00fcr Berufseinsteiger<\/h4>\n<p style=\"text-align: center;\">Die Initiative Mittelstand im Gespr\u00e4ch mit Rolf Wetzel, Gesch\u00e4ftsf\u00fchrer der WESPO Bild- und Tontr\u00e4gervertrieb GmbH: Mit FRESHfuture.tv erhalten Berufseinsteiger Inspiration f\u00fcr potentielle Ausbildungswege sowie Informationen \u00fcber das regionale Angebot an Ausbildungsberufen.<\/p>\n<p style=\"text-align: center;\"><a href=\"http:\/\/mit-blog.de\/hilfreiche-informationen-fuer-berufseinsteiger-mit-freshfuture-tv\/\" target=\"_blank\">Interview lesen<\/a><\/p>\n<p>&nbsp;<\/p>\n<p>&nbsp;<\/p>\n<p>&nbsp;<\/p>\n<p style=\"text-align: center;\">Nat\u00fcrlich findet Ihr uns auch auf \u00a0\u00a0<a title=\"folgt uns auf Facebook&quot;\" href=\"https:\/\/www.facebook.com\/freshfuture.tv\" target=\"_blank\"><img loading=\"lazy\" class=\"alignnone size-full wp-image-201\" alt=\"98DAAE8E-5224-4A67-9FF6-D104142758F4[19]\" src=\"https:\/\/www.freshfuture.tv\/wp-content\/uploads\/2013\/07\/98DAAE8E-5224-4A67-9FF6-D104142758F419.png\" class=\"grouped_elements\" rel=\"tc-fancybox-group216\" title=\"Partner Links\" width=\"47\" height=\"47\" \/><\/a>\u00a0<a title=\"Folgt uns auf Youtube!\" href=\"http:\/\/www.youtube.com\/user\/wespogmbh\" target=\"_blank\"><img loading=\"lazy\" class=\"alignnone  wp-image-215\" alt=\"YouTube_logo_stacked_white\" src=\"https:\/\/www.freshfuture.tv\/wp-content\/uploads\/2013\/07\/YouTube_logo_stacked_white.png\" class=\"grouped_elements\" rel=\"tc-fancybox-group216\" title=\"Partner Links\" width=\"47\" height=\"47\" \/><\/a>\u00a0<a title=\"Folgt uns auf Twitter!\" href=\"https:\/\/twitter.com\/wespogmbh\" target=\"_blank\"><img loading=\"lazy\" class=\"alignnone  wp-image-219\" alt=\"234px-Twitter_Logo_Mini\" src=\"https:\/\/www.freshfuture.tv\/wp-content\/uploads\/2013\/07\/234px-Twitter_Logo_Mini.png\" class=\"grouped_elements\" rel=\"tc-fancybox-group216\" title=\"Partner Links\" width=\"47\" height=\"47\" srcset=\"https:\/\/www.freshfuture.tv\/wp-content\/uploads\/2013\/07\/234px-Twitter_Logo_Mini.png 234w, https:\/\/www.freshfuture.tv\/wp-content\/uploads\/2013\/07\/234px-Twitter_Logo_Mini-150x150.png 150w\" sizes=\"(max-width: 47px) 100vw, 47px\" \/><\/a><\/p>\n<p style=\"text-align: center;\"><span style=\"color: #ffffff;\">b<\/span><\/p>\n<p style=\"text-align: center;\"><span style=\"color: #ffffff;\">b<\/span><\/p>\n<p style=\"text-align: center;\">Mit freundlicher Unterst\u00fctzung von \u00a0 \u00a0<a href=\"http:\/\/www.bwfamily.tv\/\" target=\"_blank\"><img loading=\"lazy\" class=\"alignnone  wp-image-224\" alt=\"bw-family-Logo\" src=\"https:\/\/www.freshfuture.tv\/wp-content\/uploads\/2013\/07\/bw-family-Logo.jpg\" class=\"grouped_elements\" rel=\"tc-fancybox-group216\" title=\"Partner Links\" width=\"143\" height=\"30\" \/><\/a>\u00a0 \u00a0und \u00a0<a href=\"https:\/\/www.freshfuture.tv\/wp-content\/uploads\/2013\/07\/emhLogoneu_4c-Kopie1_5A5F0000.png\" class=\"grouped_elements\" rel=\"tc-fancybox-group216\" title=\"Partner Links\"><img loading=\"lazy\" class=\"alignnone  wp-image-225\" alt=\"emhLogoneu_4c Kopie1_5A5F0000\" src=\"https:\/\/www.freshfuture.tv\/wp-content\/uploads\/2013\/07\/emhLogoneu_4c-Kopie1_5A5F0000-227x300.png\" width=\"49\" height=\"65\" srcset=\"https:\/\/www.freshfuture.tv\/wp-content\/uploads\/2013\/07\/emhLogoneu_4c-Kopie1_5A5F0000-227x300.png 227w, https:\/\/www.freshfuture.tv\/wp-content\/uploads\/2013\/07\/emhLogoneu_4c-Kopie1_5A5F0000.png 275w\" sizes=\"(max-width: 49px) 100vw, 49px\" \/><\/a><\/p>\n<p style=\"text-align: center;\"><span style=\"color: #ffffff;\">b<\/span><\/p>\n<p style=\"text-align: center;\">FRESH:future ist ein Produkt der \u00a0\u00a0<a href=\"http:\/\/wespo-gmbh.de\"><img loading=\"lazy\" class=\"alignnone  wp-image-263\" alt=\"wespo-logo\" src=\"https:\/\/www.freshfuture.tv\/wp-content\/uploads\/2013\/07\/wespo-logo.gif\" class=\"grouped_elements\" rel=\"tc-fancybox-group216\" title=\"Partner Links\" width=\"98\" height=\"46\" \/><\/a><\/p>\n","protected":false},"excerpt":{"rendered":"<p>Die Huber Verlag f\u00fcr Neue Medien GmbH pr\u00e4miert mit dem INDUSTRIEPREIS Unternehmen mit hohem wirtschaftlichem, gesellschaftlichem, technologischem und \u00f6kologischem Nutzen. Die Experten-Jury zeichnet mit dem Pr\u00e4dikat BEST OF 2015 aus: Die WESPO Bild- und Tontr\u00e4gervertrieb GmbH mit dem Produkt FRESHfuture.tv. Urkunde ansehen (PDF) FRESHfuture.tv f\u00fcr Berufseinsteiger Die Initiative Mittelstand im Gespr\u00e4ch mit Rolf Wetzel, Gesch\u00e4ftsf\u00fchrer [&hellip;]<\/p>\n","protected":false},"author":1,"featured_media":0,"parent":0,"menu_order":0,"comment_status":"open","ping_status":"open","template":"","meta":[],"_links":{"self":[{"href":"https:\/\/www.freshfuture.tv\/index.php?rest_route=\/wp\/v2\/pages\/216"}],"collection":[{"href":"https:\/\/www.freshfuture.tv\/index.php?rest_route=\/wp\/v2\/pages"}],"about":[{"href":"https:\/\/www.freshfuture.tv\/index.php?rest_route=\/wp\/v2\/types\/page"}],"author":[{"embeddable":true,"href":"https:\/\/www.freshfuture.tv\/index.php?rest_route=\/wp\/v2\/users\/1"}],"replies":[{"embeddable":true,"href":"https:\/\/www.freshfuture.tv\/index.php?rest_route=%2Fwp%2Fv2%2Fcomments&post=216"}],"version-history":[{"count":41,"href":"https:\/\/www.freshfuture.tv\/index.php?rest_route=\/wp\/v2\/pages\/216\/revisions"}],"predecessor-version":[{"id":729,"href":"https:\/\/www.freshfuture.tv\/index.php?rest_route=\/wp\/v2\/pages\/216\/revisions\/729"}],"wp:attachment":[{"href":"https:\/\/www.freshfuture.tv\/index.php?rest_route=%2Fwp%2Fv2%2Fmedia&parent=216"}],"curies":[{"name":"wp","href":"https:\/\/api.w.org\/{rel}","templated":true}]}}