{"id":276,"date":"2013-07-23T22:48:15","date_gmt":"2013-07-23T20:48:15","guid":{"rendered":"http:\/\/www.freshfuture.tv\/?page_id=276"},"modified":"2013-07-26T12:58:34","modified_gmt":"2013-07-26T10:58:34","slug":"unser-mission","status":"publish","type":"page","link":"https:\/\/www.freshfuture.tv\/?page_id=276","title":{"rendered":"Strategie"},"content":{"rendered":"<h2>Ausbildungsparadies Deutschland!<\/h2>\n<p>&nbsp;<\/p>\n<h4>Die Lehrstellensituation in Deutschland kann wohl europaweit als einmalig bezeichnet werden. W\u00e4hrend L\u00e4nder wie Griechenland oder Spanien mit Jugendarbeitslosigkeits-Quoten jenseits der 50% zu k\u00e4mpfen haben, herrscht hierzulande ein \u00dcberangebot an Ausbildungspl\u00e4tzen.<\/h4>\n<h4>Mehr als ein Drittel aller Betriebe gaben in 2012 an, die angebotenen Ausbildungsstellen nur zum Teil oder gar nicht vergeben zu haben.<br \/>\nSo blieben bundesweit 33.275 Ausbildungsstellen unbesetzt \u2013 Rekord und 12,1% mehr als im Vorjahr.<\/h4>\n<h4>Grund ist h\u00e4ufig die berufliche Orientierungslosigkeit vieler Jugendlicher und mangelnde Bekanntheit des Ausbildungsangebots der regionalen Unternehmen.<\/h4>\n<p>&nbsp;<\/p>\n<h3>Was tun Sie eigentlich f\u00fcr qualifizierten Nachwuchs?<\/h3>\n<p>&nbsp;<\/p>\n<h4>Viele Anbieter von Ausbildungspl\u00e4tzen und Praktika, Praxis-Semestern oder Schnupperlehren reagieren mehr statt da\u00df sie pro-aktiv nach geeigneten Bewerbern suchen. Stellenanzeigen sind teuer, die Zeit f\u00fcr die Personalplanung knapp.<\/h4>\n<h4>FRESH FUTURE bietet ein neuartiges regionales Konzept: Die umfassende Infoplattform f\u00fcr Unternehmen und Berufseinsteiger in den relevanten Medien des digitalen Zeitalters, bestehend aus einem einzigartigen TV-Format und allen Vorteilen von Social Media.<\/h4>\n<h4>Ganz gleich, welches Budget Sie zur Verf\u00fcgung haben:<br \/>\nFinden Sie ganz einfach qualifizierten Nachwuchs und pr\u00e4sentieren Sie ihr Unternehmen in den sozialen Netzwerken \u2013 sogar im TV und sogar schon ab g\u00fcnstigen 220.- EUR zzgl. MwSt.<\/h4>\n<h3><\/h3>\n<p>&nbsp;<\/p>\n<h3>Ihr Angebot an 5 Millionen Zuschauer \u2013 auf bw family.tv!<\/h3>\n<p>&nbsp;<\/p>\n<h4>Unser Partnersender bw family.tv sendet im Netz der KabelBW vom Main bis zum Bodensee in den Regierungsbezirken Karlsruhe, Freiburg, Stuttgart und T\u00fcbingen und hat somit eine technische Reichweite von \u00fcber 5 Millionen Zuschauern. Doch damit nicht genug: Wir steigern diese noch \u00fcber die bekannten sozialen Netzwerke wie Facebook, YouTube und Twitter und erreichen Ihre Bewerber somit optimal.<\/h4>\n<h3><\/h3>\n<p>&nbsp;<\/p>\n<h3>Ihr perfekter Sendeplatz: Samstag, 17 Uhr, alle 14 Tage<\/h3>\n<p>&nbsp;<\/p>\n<h4>FRESH FUTURE TV l\u00e4uft dann, wenn die Kontakt-Chancen am gr\u00f6\u00dften sind. Ohne Konkurrenz von Blockbustern, Party-Ausgehzeiten, Schule, Job und Studium ist Samstag um 17 Uhr der optimale Zeitpunkt, Ihre Botschaften an Ihre Zielgruppe zu senden.<\/h4>\n<h4>Und das Beste: F\u00fcr die, die bw family.tv nicht empfangen k\u00f6nnen oder die Sendung verpasst haben, ist jede einzelne Folge online auf unserer Homepage www.freshfuture.tv oder im Archiv des Senders unter www.bwfamily.tv 24 Stunden am Tag abrufbar.<\/h4>\n<p>&nbsp;<\/p>\n<h3>FRESH FUTURE: Die Berufseinstiegshilfe-Doku<\/h3>\n<p>&nbsp;<\/p>\n<h4>Unser Anspruch ist, Berufseinsteigern Inspiration zu liefern und somit umfassend \u00fcber das Angebot in der gesamten Region zu informieren.<br \/>\nDaf\u00fcr ist unser Team st\u00e4ndig unterwegs auf Messen und Veranstaltungen, in Hochschulen und Unternehmen aller Art \u2013 ganz gleich ob Handel, Handwerk, Dienstleistung oder Industrie.<\/h4>\n<h4>Wir berichten und informieren, recherchieren und dokumentieren, interviewen Funktionstr\u00e4ger und Meinungsbildner aus Wirtschaft und Politik und schaffen somit ein neuartiges Sendekonzept, das f\u00fcr den Fachkr\u00e4ftenachwuchs in Deutschland hochrelevant ist und Unternehmen die M\u00f6glichkeit bietet, nicht nur alle Ausbildungsstellen qualifiziert zu besetzen sondern auch professionell Imagepflege zu betreiben.<\/h4>\n<p>&nbsp;<\/p>\n<h3>Bringen Sie ihr Unternehmen ins Fernsehen!<\/h3>\n<p>&nbsp;<\/p>\n<h4>Nutzen Sie unsere attraktiven Mediapakete \u2013 von der Einblendung Ihres Firmenlogos bis hin zum 20 Sekunden-Image-Trailer inkl. mehrmin\u00fctiger Unternehmenspr\u00e4sentation f\u00fcr Ihre Website.<br \/>\nUnd noch eine gute Nachricht: Das erstelle Material geh\u00f6rt Ihnen und kann frei verwendet werden. Es werden keine zus\u00e4tzlichen Nutzungsrechte in Rechnung gestellt.<\/h4>\n<h4>Nutzen Sie die Chance, zu den ersten Unternehmen zu geh\u00f6ren, die uns bei diesem innovativen TV- und Crossmediaformat begleiten.<\/h4>\n<h4>Sie m\u00f6chten mehr Informationen? Gerne! Rufen Sie uns\u00a0 an.<br \/>\nWir freuen uns \u00fcber Ihre Kontaktaufnahme unter: 07721 \u2013 99 64 023<\/h4>\n<h4>Ihr FRESH future Team<\/h4>\n","protected":false},"excerpt":{"rendered":"<p>Ausbildungsparadies Deutschland! &nbsp; Die Lehrstellensituation in Deutschland kann wohl europaweit als einmalig bezeichnet werden. W\u00e4hrend L\u00e4nder wie Griechenland oder Spanien mit Jugendarbeitslosigkeits-Quoten jenseits der 50% zu k\u00e4mpfen haben, herrscht hierzulande ein \u00dcberangebot an Ausbildungspl\u00e4tzen. Mehr als ein Drittel aller Betriebe gaben in 2012 an, die angebotenen Ausbildungsstellen nur zum Teil oder gar nicht vergeben zu [&hellip;]<\/p>\n","protected":false},"author":1,"featured_media":0,"parent":0,"menu_order":0,"comment_status":"open","ping_status":"open","template":"","meta":[],"_links":{"self":[{"href":"https:\/\/www.freshfuture.tv\/index.php?rest_route=\/wp\/v2\/pages\/276"}],"collection":[{"href":"https:\/\/www.freshfuture.tv\/index.php?rest_route=\/wp\/v2\/pages"}],"about":[{"href":"https:\/\/www.freshfuture.tv\/index.php?rest_route=\/wp\/v2\/types\/page"}],"author":[{"embeddable":true,"href":"https:\/\/www.freshfuture.tv\/index.php?rest_route=\/wp\/v2\/users\/1"}],"replies":[{"embeddable":true,"href":"https:\/\/www.freshfuture.tv\/index.php?rest_route=%2Fwp%2Fv2%2Fcomments&post=276"}],"version-history":[{"count":15,"href":"https:\/\/www.freshfuture.tv\/index.php?rest_route=\/wp\/v2\/pages\/276\/revisions"}],"predecessor-version":[{"id":313,"href":"https:\/\/www.freshfuture.tv\/index.php?rest_route=\/wp\/v2\/pages\/276\/revisions\/313"}],"wp:attachment":[{"href":"https:\/\/www.freshfuture.tv\/index.php?rest_route=%2Fwp%2Fv2%2Fmedia&parent=276"}],"curies":[{"name":"wp","href":"https:\/\/api.w.org\/{rel}","templated":true}]}}