{"id":330,"date":"2013-07-29T20:27:38","date_gmt":"2013-07-29T18:27:38","guid":{"rendered":"http:\/\/www.freshfuture.tv\/?page_id=330"},"modified":"2013-07-30T11:29:24","modified_gmt":"2013-07-30T09:29:24","slug":"dental-eggert-ausb-2014","status":"publish","type":"page","link":"https:\/\/www.freshfuture.tv\/?page_id=330","title":{"rendered":"Dental Eggert Ausb 2014"},"content":{"rendered":"<h3 style=\"text-align: center;\"><span style=\"color: #ffffff;\">b<\/span><\/h3>\n<h1 style=\"text-align: center;\"><strong>Ausbildungspl\u00e4tze der Firma dental EGGERT f\u00fcr das Jahr 2014<\/strong><\/h1>\n<h2 style=\"text-align: center;\"><span style=\"color: #ffffff;\">b<\/span><\/h2>\n<h3 style=\"text-align: center;\">B\u00fcrokauffrau \/ -mann<\/h3>\n<p style=\"text-align: center;\"><span style=\"color: #ffffff;\">b<\/span><\/p>\n<h3 style=\"text-align: center;\">Systemelektroniker \/ -in<\/h3>\n<p style=\"text-align: center;\"><span style=\"color: #ffffff;\">b<\/span><\/p>\n<h3 style=\"text-align: center;\">Eure Ansprechpartner<\/h3>\n<p style=\"text-align: center;\"><span style=\"color: #ffffff;\">b<br \/>\n<\/span><\/p>\n<h4 style=\"text-align: center;\">Rainer Banholzer<\/h4>\n<p style=\"text-align: center;\">Tel: 0741 \/ 174 00 360<\/p>\n<p style=\"text-align: center;\">r.banholzer@dental-eggert.de<\/p>\n<p style=\"text-align: center;\">\n<p style=\"text-align: center;\">\n<p style=\"text-align: center;\">dental EGGERT<\/p>\n<p style=\"text-align: center;\">W\u00fcrttemberger Str. 14<br \/>\n78628 Rottweil<br \/>\nTel.: 0741\/174 00\u20130<br \/>\nFax: 0741\/174 00\u2013500<br \/>\nE-Mail:\u00a0<a href=\"mailto:info@dental-eggert.de\">info@dental-eggert.de<\/a><\/p>\n","protected":false},"excerpt":{"rendered":"<p>b Ausbildungspl\u00e4tze der Firma dental EGGERT f\u00fcr das Jahr 2014 b B\u00fcrokauffrau \/ -mann b Systemelektroniker \/ -in b Eure Ansprechpartner b Rainer Banholzer Tel: 0741 \/ 174 00 360 r.banholzer@dental-eggert.de dental EGGERT W\u00fcrttemberger Str. 14 78628 Rottweil Tel.: 0741\/174 00\u20130 Fax: 0741\/174 00\u2013500 E-Mail:\u00a0info@dental-eggert.de<\/p>\n","protected":false},"author":1,"featured_media":0,"parent":0,"menu_order":0,"comment_status":"open","ping_status":"open","template":"","meta":[],"_links":{"self":[{"href":"https:\/\/www.freshfuture.tv\/index.php?rest_route=\/wp\/v2\/pages\/330"}],"collection":[{"href":"https:\/\/www.freshfuture.tv\/index.php?rest_route=\/wp\/v2\/pages"}],"about":[{"href":"https:\/\/www.freshfuture.tv\/index.php?rest_route=\/wp\/v2\/types\/page"}],"author":[{"embeddable":true,"href":"https:\/\/www.freshfuture.tv\/index.php?rest_route=\/wp\/v2\/users\/1"}],"replies":[{"embeddable":true,"href":"https:\/\/www.freshfuture.tv\/index.php?rest_route=%2Fwp%2Fv2%2Fcomments&post=330"}],"version-history":[{"count":3,"href":"https:\/\/www.freshfuture.tv\/index.php?rest_route=\/wp\/v2\/pages\/330\/revisions"}],"predecessor-version":[{"id":332,"href":"https:\/\/www.freshfuture.tv\/index.php?rest_route=\/wp\/v2\/pages\/330\/revisions\/332"}],"wp:attachment":[{"href":"https:\/\/www.freshfuture.tv\/index.php?rest_route=%2Fwp%2Fv2%2Fmedia&parent=330"}],"curies":[{"name":"wp","href":"https:\/\/api.w.org\/{rel}","templated":true}]}}