{"id":510,"date":"2014-03-07T12:16:55","date_gmt":"2014-03-07T10:16:55","guid":{"rendered":"http:\/\/www.freshfuture.tv\/?page_id=510"},"modified":"2014-03-07T12:20:38","modified_gmt":"2014-03-07T10:20:38","slug":"sudpol-gmbh","status":"publish","type":"page","link":"https:\/\/www.freshfuture.tv\/?page_id=510","title":{"rendered":"S\u00fcdpol Gmbh"},"content":{"rendered":"<h1 style=\"text-align: center;\"><strong>Ausbildungspl\u00e4tze der Firma S\u00fcdpol Gmbh f\u00fcr 2014<\/strong><\/h1>\n<h2 style=\"text-align: center;\"><\/h2>\n<h2 style=\"text-align: center;\">Mediengestalter Digital und Print<\/h2>\n<h2 style=\"text-align: center;\"><\/h2>\n<h3 style=\"text-align: center;\">Eure Ansprechpartner<\/h3>\n<p style=\"text-align: center;\">S\u00fcdpol. die andere agentur.<br \/>\nRottweiler Str. 30<br \/>\n78078 Niedereschach<\/p>\n<p style=\"text-align: center;\">Martin Kleinert<br \/>\nAssistenz der Gesch\u00e4ftsleitung \/ FFF-Producer<br \/>\nTel. +49 7728.645.211<br \/>\nFax +49 7728.645.100<br \/>\nm.kleinert@suedpol.com<br \/>\nwww.suedpol.com<\/p>\n<p>&nbsp;<\/p>\n","protected":false},"excerpt":{"rendered":"<p>Ausbildungspl\u00e4tze der Firma S\u00fcdpol Gmbh f\u00fcr 2014 Mediengestalter Digital und Print Eure Ansprechpartner S\u00fcdpol. die andere agentur. Rottweiler Str. 30 78078 Niedereschach Martin Kleinert Assistenz der Gesch\u00e4ftsleitung \/ FFF-Producer Tel. +49 7728.645.211 Fax +49 7728.645.100 m.kleinert@suedpol.com www.suedpol.com &nbsp;<\/p>\n","protected":false},"author":1,"featured_media":0,"parent":0,"menu_order":0,"comment_status":"open","ping_status":"open","template":"","meta":[],"_links":{"self":[{"href":"https:\/\/www.freshfuture.tv\/index.php?rest_route=\/wp\/v2\/pages\/510"}],"collection":[{"href":"https:\/\/www.freshfuture.tv\/index.php?rest_route=\/wp\/v2\/pages"}],"about":[{"href":"https:\/\/www.freshfuture.tv\/index.php?rest_route=\/wp\/v2\/types\/page"}],"author":[{"embeddable":true,"href":"https:\/\/www.freshfuture.tv\/index.php?rest_route=\/wp\/v2\/users\/1"}],"replies":[{"embeddable":true,"href":"https:\/\/www.freshfuture.tv\/index.php?rest_route=%2Fwp%2Fv2%2Fcomments&post=510"}],"version-history":[{"count":5,"href":"https:\/\/www.freshfuture.tv\/index.php?rest_route=\/wp\/v2\/pages\/510\/revisions"}],"predecessor-version":[{"id":516,"href":"https:\/\/www.freshfuture.tv\/index.php?rest_route=\/wp\/v2\/pages\/510\/revisions\/516"}],"wp:attachment":[{"href":"https:\/\/www.freshfuture.tv\/index.php?rest_route=%2Fwp%2Fv2%2Fmedia&parent=510"}],"curies":[{"name":"wp","href":"https:\/\/api.w.org\/{rel}","templated":true}]}}