{"id":65,"date":"2013-07-17T21:18:11","date_gmt":"2013-07-17T19:18:11","guid":{"rendered":"http:\/\/www.freshfuture.tv\/?page_id=65"},"modified":"2013-07-20T17:07:59","modified_gmt":"2013-07-20T15:07:59","slug":"aesculap-ag-3","status":"publish","type":"page","link":"https:\/\/www.freshfuture.tv\/?page_id=65","title":{"rendered":"Aesculap AG Stud"},"content":{"rendered":"<p style=\"text-align: left;\"><a href=\"https:\/\/www.freshfuture.tv\/wp-content\/uploads\/2013\/07\/BraunSE_AAG_RGB.jpg\" class=\"grouped_elements\" rel=\"tc-fancybox-group65\" title=\"Aesculap AG Stud\"><img loading=\"lazy\" class=\"size-full wp-image-66 aligncenter\" alt=\"Aesculap AG\" src=\"https:\/\/www.freshfuture.tv\/wp-content\/uploads\/2013\/07\/BraunSE_AAG_RGB.jpg\" width=\"279\" height=\"107\" \/><\/a><\/p>\n<h4 style=\"text-align: center;\"><span style=\"color: #ffffff;\">b<\/span><\/h4>\n<h1 style=\"text-align: center;\"><strong>Studienpl\u00e4tze f\u00fcr das Jahr 2014<\/strong><\/h1>\n<h2 style=\"text-align: center;\"><span style=\"color: #ffffff;\">b<\/span><\/h2>\n<h2 style=\"text-align: center;\">Kooperative Studieng\u00e4nge<\/h2>\n<h4 style=\"text-align: center;\"><span style=\"color: #ffffff;\">b<\/span><\/h4>\n<h3 style=\"text-align: center;\">Bachelor of Arts \u2013 Studieng\u00e4nge: Industrie, International Business<\/h3>\n<p style=\"text-align: center;\">Bewerben bis: 30.09.13,\u00a0DHBW Villingen-Schwenningen<\/p>\n<h3 style=\"text-align: center;\"><span style=\"color: #ffffff;\">b<\/span><\/h3>\n<h3 style=\"text-align: center;\">Bachelor of Arts \u2013 Studiengang: Demografie- und Personalmanagement<\/h3>\n<p style=\"text-align: center;\">Bewerben bis: 30.09.13,\u00a0DHBW Villingen-Schwenningen<\/p>\n<h3 style=\"text-align: center;\"><span style=\"color: #ffffff;\">b<\/span><\/h3>\n<h3 style=\"text-align: center;\">Bachelor of Arts \u2013 Studiengang: Controlling &amp; Consulting<\/h3>\n<p style=\"text-align: center;\">Bewerben bis: 30.09.13,\u00a0DHBW Villingen-Schwenningen<\/p>\n<h3 style=\"text-align: center;\"><span style=\"color: #ffffff;\">b<\/span><\/h3>\n<h3 style=\"text-align: center;\">Bachelor of Science \u2013 Studiengang: Wirtschaftsinformatik<\/h3>\n<p style=\"text-align: center;\">Bewerben bis: 30.09.13,\u00a0DHBW Villingen-Schwenningen<\/p>\n<h3 style=\"text-align: center;\"><span style=\"color: #ffffff;\">b<\/span><\/h3>\n<h3 style=\"text-align: center;\">Bachelor of Science \u2013 Studiengang: Maschinenbau mit integrierter Ausbildung zum\/zur Industriemechaniker\/-in (\u201eStudium Plus\u201c)<\/h3>\n<p style=\"text-align: center;\">Bewerben bis: 30.09.13,\u00a0Hochschule Furtwangen<\/p>\n<h2 style=\"text-align: center;\"><span style=\"font-size: 13px; color: #ffffff;\">b<\/span><\/h2>\n<p style=\"text-align: center;\"><span style=\"color: #ffffff;\">b<\/span><\/p>\n<h3 style=\"text-align: center;\">Euer Ansprechpartner<\/h3>\n<p style=\"text-align: center;\"><span style=\"color: #ffffff;\"><b>b<\/b><\/span><\/p>\n<h4 style=\"text-align: center;\">Corina Vogelhuber<\/h4>\n<p style=\"text-align: center;\">Kaufm\u00e4nnische Ausbildung, Bachelor-Studieng\u00e4nge DHBW<\/p>\n<p style=\"text-align: center;\">Tel. 07461 95-1276<\/p>\n<p style=\"text-align: center;\"><span style=\"color: #ffffff;\">b<\/span><\/p>\n<p style=\"text-align: center;\">Aesculap AG<\/p>\n<p style=\"text-align: center;\">Berufsausbildung<\/p>\n<p style=\"text-align: center;\">Am Aesculap-Platz<\/p>\n<p style=\"text-align: center;\">78532 Tuttlingen<\/p>\n<p style=\"text-align: center;\"><a href=\"http:\/\/www.mycareer-bbraun.de\">www.mycareer-bbraun.de<\/a><\/p>\n","protected":false},"excerpt":{"rendered":"<p>b Studienpl\u00e4tze f\u00fcr das Jahr 2014 b Kooperative Studieng\u00e4nge b Bachelor of Arts \u2013 Studieng\u00e4nge: Industrie, International Business Bewerben bis: 30.09.13,\u00a0DHBW Villingen-Schwenningen b Bachelor of Arts \u2013 Studiengang: Demografie- und Personalmanagement Bewerben bis: 30.09.13,\u00a0DHBW Villingen-Schwenningen b Bachelor of Arts \u2013 Studiengang: Controlling &amp; Consulting Bewerben bis: 30.09.13,\u00a0DHBW Villingen-Schwenningen b Bachelor of Science \u2013 Studiengang: Wirtschaftsinformatik [&hellip;]<\/p>\n","protected":false},"author":1,"featured_media":0,"parent":0,"menu_order":0,"comment_status":"open","ping_status":"open","template":"","meta":[],"_links":{"self":[{"href":"https:\/\/www.freshfuture.tv\/index.php?rest_route=\/wp\/v2\/pages\/65"}],"collection":[{"href":"https:\/\/www.freshfuture.tv\/index.php?rest_route=\/wp\/v2\/pages"}],"about":[{"href":"https:\/\/www.freshfuture.tv\/index.php?rest_route=\/wp\/v2\/types\/page"}],"author":[{"embeddable":true,"href":"https:\/\/www.freshfuture.tv\/index.php?rest_route=\/wp\/v2\/users\/1"}],"replies":[{"embeddable":true,"href":"https:\/\/www.freshfuture.tv\/index.php?rest_route=%2Fwp%2Fv2%2Fcomments&post=65"}],"version-history":[{"count":8,"href":"https:\/\/www.freshfuture.tv\/index.php?rest_route=\/wp\/v2\/pages\/65\/revisions"}],"predecessor-version":[{"id":213,"href":"https:\/\/www.freshfuture.tv\/index.php?rest_route=\/wp\/v2\/pages\/65\/revisions\/213"}],"wp:attachment":[{"href":"https:\/\/www.freshfuture.tv\/index.php?rest_route=%2Fwp%2Fv2%2Fmedia&parent=65"}],"curies":[{"name":"wp","href":"https:\/\/api.w.org\/{rel}","templated":true}]}}